

{"id":12739,"date":"2022-03-11T17:30:09","date_gmt":"2022-03-11T16:30:09","guid":{"rendered":"https:\/\/gotimecloud.com\/?page_id=12739"},"modified":"2023-10-11T14:24:13","modified_gmt":"2023-10-11T12:24:13","slug":"eigenschaften","status":"publish","type":"page","link":"https:\/\/apivisiotech.zkwebdev.com\/de\/eigenschaften\/","title":{"rendered":"Eigenschaften"},"content":{"rendered":"<p>GoTime Cloud ist eine Cloud-basierte Zeiterfassungssysteml\u00f6sung, die die Echtzeitinformationen Ihrer Mitarbeiter sowie die Fingerabdruck- und RFID-Zeiterfassungsdaten auf einer einzigen Plattform zentralisiert und diese Informationen \u00fcber Webbrowser zug\u00e4nglich macht, ganz gleich, wo Sie sich befinden.<\/p>\n<p>Mit GoTime Cloud sind die Daten Ihres Unternehmens und Ihrer Mitarbeiter \u00fcber den Webbrowser Ihrer Wahl und ohne vorherige Infrastruktur oder Softwareanwendung sicher bei AWS.<\/p>\n<p>Ihre Daten werden sicher mit https-Kommunikationsprotokollen gespeichert, ohne dass Sie zus\u00e4tzliche Ressourcen aufwenden m\u00fcssen. Sie m\u00fcssen sich also nicht um die Wartung oder Aktualisierung von Software oder Hardware k\u00fcmmern.<\/p>\n<h2>Cloud-basierte Zeiterfassungssysteme f\u00fcr Exzellenz: GoTime Cloud<\/h2>\n<p>Mit GoTime Cloud k\u00f6nnen Sie:<\/p>\n<ul>\n<li>\n<h3><strong>Zentralisieren Sie Ihre Installationen auf einer Plattform<\/strong><\/h3>\n<p>Mit GoTime Cloud k\u00f6nnen Sie auf einer zentralisierten Cloud-Computing-Umgebung arbeiten, die sicherstellt, dass alle Ihre bestehenden Anlagen \u00fcberall auf der Welt auf die gleiche Weise funktionieren. Ganz gleich, wo sich Ihr Zeiterfassungsger\u00e4t befindet. Alles, was Sie tun m\u00fcssen, ist, Ihre Ger\u00e4te entsprechend Ihrer GoTime Cloud zu konfigurieren.<\/li>\n<li>\n<h3><strong>Vereinfachen Sie die Zeiterfassung<\/strong><\/h3>\n<p>Stempeln Sie sich bei Ihren Zeiterfassungsger\u00e4ten ein und aus und verfolgen Sie die Anwesenheit Ihrer Mitarbeiter mit kompatiblen Verifizierungsterminals und mobilen Apps.<\/li>\n<li>\n<h3><strong>Erstellen Sie erweiterte Kalender und ma\u00dfgeschneiderte Zeitpl\u00e4ne<\/strong><\/h3>\n<p>Mit GoTime Cloud k\u00f6nnen Sie fortschrittliche und flexible Kalender und ma\u00dfgeschneiderte Zeitpl\u00e4ne erstellen. Sie k\u00f6nnen Wechselschichten, Tagesschichten und Nachtschichten konfigurieren und zuweisen, so dass alle Ihre Betriebszeiten abgedeckt sind. Diese Daten werden dann verarbeitet, um Gehaltsabrechnungen und aufgelaufene Stunden genau zu berechnen.<\/li>\n<li>\n<h3><strong>Einfaches Anzeigen und Verwalten der Vorf\u00e4lle oder Anfragen Ihrer Mitarbeiter<\/strong><\/h3>\n<p>Erfassen Sie Echtzeit-Anwesenheitsdaten aus verschiedenen Quellen, kontrollieren Sie Stempel oder sehen Sie sich die erlaubte Zeit der Mitarbeiter f\u00fcr eine bestimmte Anfrage an. Mit GoTime Cloud k\u00f6nnen Sie Anfragen, Stechzeiten und gemischte Vorf\u00e4lle Ihrer Mitarbeiter einfach einsehen und verwalten. Ihre Mitarbeiter k\u00f6nnen mit GoTime Cloud interagieren und ihre Daten visualisieren. Sie k\u00f6nnen \u00c4nderungen beantragen und zur Genehmigung vorlegen.<\/li>\n<li>\n<h3><strong>Aufgelaufene Saldostunden <\/strong><\/h3>\n<p>Definieren und berechnen Sie pr\u00e4zise Stundensummen, kontrollieren Sie die aufgelaufenen Saldenstunden und halten Sie Ihr Unternehmen in \u00dcbereinstimmung mit den Arbeitsgesetzen.<\/li>\n<li>\n<h3><strong>Berichte generieren<\/strong><\/h3>\n<p>Mit GoTime Cloud k\u00f6nnen Sie ganz einfach Berichte \u00fcber Zeiterfassung, Fehlzeiten, aufgelaufene Salden, Anwesenheitsereignisse, Gehaltsabrechnungen und vieles mehr erstellen. Au\u00dferdem k\u00f6nnen Sie Ihre Daten mit einem Klick in Excel, Microsoft Word, CSV-Datei, XML, Excel-Tabellen und PDF exportieren!<\/li>\n<li>\n<h3><strong>Ferngesteuerte An- und Abmeldung<\/strong><\/h3>\n<p>Mit GoTime Cloud m\u00fcssen Sie sich nicht mehr darum k\u00fcmmern, Ihre Mitarbeiter mit einer Stechuhr zu erfassen. GoTime Cloud registriert fortschrittliche Geo-Standortkoordinaten, wenn Mitarbeiter die Online-Stechuhr benutzen. Dar\u00fcber hinaus best\u00e4tigt unsere L\u00f6sung die genaue Zeit und den Standort mit GPS, so dass Sie die Anwesenheit Ihrer Mitarbeiter m\u00fchelos verfolgen k\u00f6nnen.<\/li>\n<li>\n<h3><strong>Verwalten Sie das Personalwesen in Ihrem Unternehmen<\/strong><\/h3>\n<p>Passen Sie sich an jede \u00c4nderung oder jeden Plan an und konfigurieren Sie ohne Einschr\u00e4nkungen alles, was mit Ihrer Zeiterfassung zu tun hat.<\/li>\n<\/ul>\n<h2>Zeiterfassung leicht gemacht!<\/h2>\n<p>Wir von GoTime Cloud haben es uns zur Aufgabe gemacht, Ihnen die bestm\u00f6gliche Cloud-basierte Zeiterfassungssysteml\u00f6sung zu bieten. Wir wissen, dass die Wahl der richtigen Zeiterfassungssoftware eine gewisse Recherche erfordert. Deshalb k\u00f6nnen wir von GoTime Cloud Ihnen helfen. Wenn Sie Fragen haben, k\u00f6nnen Sie sich gerne an uns wenden, wir freuen uns auf Sie.<\/p>\n","protected":false},"excerpt":{"rendered":"<p>GoTime Cloud ist eine Cloud-basierte Zeiterfassungssysteml\u00f6sung, die die Echtzeitinformationen Ihrer Mitarbeiter sowie die Fingerabdruck- und RFID-Zeiterfassungsdaten auf einer einzigen Plattform zentralisiert und diese Informationen \u00fcber Webbrowser zug\u00e4nglich macht, ganz gleich, wo Sie sich befinden. Mit GoTime Cloud sind die Daten Ihres Unternehmens und Ihrer Mitarbeiter \u00fcber den Webbrowser Ihrer Wahl und ohne vorherige Infrastruktur oder [&hellip;]<\/p>\n","protected":false},"author":332,"featured_media":0,"parent":0,"menu_order":14,"comment_status":"closed","ping_status":"closed","template":"","meta":{"_acf_changed":false,"inline_featured_image":false,"footnotes":""},"class_list":["post-12739","page","type-page","status-publish","hentry"],"acf":[],"yoast_head":"<!-- This site is optimized with the Yoast SEO plugin v26.5 - https:\/\/yoast.com\/wordpress\/plugins\/seo\/ -->\n<title>Eigenschaften<\/title>\n<meta name=\"robots\" content=\"index, follow, max-snippet:-1, max-image-preview:large, max-video-preview:-1\" \/>\n<link rel=\"canonical\" href=\"https:\/\/apivisiotech.zkwebdev.com\/de\/eigenschaften\/\" \/>\n<meta property=\"og:locale\" content=\"de_DE\" \/>\n<meta property=\"og:type\" content=\"article\" \/>\n<meta property=\"og:title\" content=\"Eigenschaften\" \/>\n<meta property=\"og:description\" content=\"GoTime Cloud ist eine Cloud-basierte Zeiterfassungssysteml\u00f6sung, die die Echtzeitinformationen Ihrer Mitarbeiter sowie die Fingerabdruck- und RFID-Zeiterfassungsdaten auf einer einzigen Plattform zentralisiert und diese Informationen \u00fcber Webbrowser zug\u00e4nglich macht, ganz gleich, wo Sie sich befinden. Mit GoTime Cloud sind die Daten Ihres Unternehmens und Ihrer Mitarbeiter \u00fcber den Webbrowser Ihrer Wahl und ohne vorherige Infrastruktur oder [&hellip;]\" \/>\n<meta property=\"og:url\" content=\"https:\/\/apivisiotech.zkwebdev.com\/de\/eigenschaften\/\" \/>\n<meta property=\"og:site_name\" content=\"GoTime Cloud\" \/>\n<meta property=\"article:modified_time\" content=\"2023-10-11T12:24:13+00:00\" \/>\n<meta name=\"twitter:card\" content=\"summary_large_image\" \/>\n<meta name=\"twitter:label1\" content=\"Est. reading time\" \/>\n\t<meta name=\"twitter:data1\" content=\"3\u00a0Minuten\" \/>\n<script type=\"application\/ld+json\" class=\"yoast-schema-graph\">{\"@context\":\"https:\/\/schema.org\",\"@graph\":[{\"@type\":\"WebPage\",\"@id\":\"https:\/\/apivisiotech.zkwebdev.com\/de\/eigenschaften\/\",\"url\":\"https:\/\/apivisiotech.zkwebdev.com\/de\/eigenschaften\/\",\"name\":\"Eigenschaften\",\"isPartOf\":{\"@id\":\"https:\/\/apivisiotech.zkwebdev.com\/de\/#website\"},\"datePublished\":\"2022-03-11T16:30:09+00:00\",\"dateModified\":\"2023-10-11T12:24:13+00:00\",\"breadcrumb\":{\"@id\":\"https:\/\/apivisiotech.zkwebdev.com\/de\/eigenschaften\/#breadcrumb\"},\"inLanguage\":\"de\",\"potentialAction\":[{\"@type\":\"ReadAction\",\"target\":[\"https:\/\/apivisiotech.zkwebdev.com\/de\/eigenschaften\/\"]}]},{\"@type\":\"BreadcrumbList\",\"@id\":\"https:\/\/apivisiotech.zkwebdev.com\/de\/eigenschaften\/#breadcrumb\",\"itemListElement\":[{\"@type\":\"ListItem\",\"position\":1,\"name\":\"Home\",\"item\":\"https:\/\/gotimecloud.com\/de\/\"},{\"@type\":\"ListItem\",\"position\":2,\"name\":\"Eigenschaften\"}]},{\"@type\":\"WebSite\",\"@id\":\"https:\/\/apivisiotech.zkwebdev.com\/de\/#website\",\"url\":\"https:\/\/apivisiotech.zkwebdev.com\/de\/\",\"name\":\"GoTime Cloud\",\"description\":\"Cloud-based Time Attendance Solutions\",\"publisher\":{\"@id\":\"https:\/\/apivisiotech.zkwebdev.com\/de\/#organization\"},\"potentialAction\":[{\"@type\":\"SearchAction\",\"target\":{\"@type\":\"EntryPoint\",\"urlTemplate\":\"https:\/\/apivisiotech.zkwebdev.com\/de\/?s={search_term_string}\"},\"query-input\":{\"@type\":\"PropertyValueSpecification\",\"valueRequired\":true,\"valueName\":\"search_term_string\"}}],\"inLanguage\":\"de\"},{\"@type\":\"Organization\",\"@id\":\"https:\/\/apivisiotech.zkwebdev.com\/de\/#organization\",\"name\":\"GoTime Cloud\",\"url\":\"https:\/\/apivisiotech.zkwebdev.com\/de\/\",\"logo\":{\"@type\":\"ImageObject\",\"inLanguage\":\"de\",\"@id\":\"https:\/\/apivisiotech.zkwebdev.com\/de\/#\/schema\/logo\/image\/\",\"url\":\"https:\/\/gotimecloud.com\/wp-content\/uploads\/2019\/07\/zktime-logo-footer.svg\",\"contentUrl\":\"https:\/\/gotimecloud.com\/wp-content\/uploads\/2019\/07\/zktime-logo-footer.svg\",\"width\":210,\"height\":46,\"caption\":\"GoTime Cloud\"},\"image\":{\"@id\":\"https:\/\/apivisiotech.zkwebdev.com\/de\/#\/schema\/logo\/image\/\"}}]}<\/script>\n<!-- \/ Yoast SEO plugin. -->","yoast_head_json":{"title":"Eigenschaften","robots":{"index":"index","follow":"follow","max-snippet":"max-snippet:-1","max-image-preview":"max-image-preview:large","max-video-preview":"max-video-preview:-1"},"canonical":"https:\/\/apivisiotech.zkwebdev.com\/de\/eigenschaften\/","og_locale":"de_DE","og_type":"article","og_title":"Eigenschaften","og_description":"GoTime Cloud ist eine Cloud-basierte Zeiterfassungssysteml\u00f6sung, die die Echtzeitinformationen Ihrer Mitarbeiter sowie die Fingerabdruck- und RFID-Zeiterfassungsdaten auf einer einzigen Plattform zentralisiert und diese Informationen \u00fcber Webbrowser zug\u00e4nglich macht, ganz gleich, wo Sie sich befinden. Mit GoTime Cloud sind die Daten Ihres Unternehmens und Ihrer Mitarbeiter \u00fcber den Webbrowser Ihrer Wahl und ohne vorherige Infrastruktur oder [&hellip;]","og_url":"https:\/\/apivisiotech.zkwebdev.com\/de\/eigenschaften\/","og_site_name":"GoTime Cloud","article_modified_time":"2023-10-11T12:24:13+00:00","twitter_card":"summary_large_image","twitter_misc":{"Est. reading time":"3\u00a0Minuten"},"schema":{"@context":"https:\/\/schema.org","@graph":[{"@type":"WebPage","@id":"https:\/\/apivisiotech.zkwebdev.com\/de\/eigenschaften\/","url":"https:\/\/apivisiotech.zkwebdev.com\/de\/eigenschaften\/","name":"Eigenschaften","isPartOf":{"@id":"https:\/\/apivisiotech.zkwebdev.com\/de\/#website"},"datePublished":"2022-03-11T16:30:09+00:00","dateModified":"2023-10-11T12:24:13+00:00","breadcrumb":{"@id":"https:\/\/apivisiotech.zkwebdev.com\/de\/eigenschaften\/#breadcrumb"},"inLanguage":"de","potentialAction":[{"@type":"ReadAction","target":["https:\/\/apivisiotech.zkwebdev.com\/de\/eigenschaften\/"]}]},{"@type":"BreadcrumbList","@id":"https:\/\/apivisiotech.zkwebdev.com\/de\/eigenschaften\/#breadcrumb","itemListElement":[{"@type":"ListItem","position":1,"name":"Home","item":"https:\/\/gotimecloud.com\/de\/"},{"@type":"ListItem","position":2,"name":"Eigenschaften"}]},{"@type":"WebSite","@id":"https:\/\/apivisiotech.zkwebdev.com\/de\/#website","url":"https:\/\/apivisiotech.zkwebdev.com\/de\/","name":"GoTime Cloud","description":"Cloud-based Time Attendance Solutions","publisher":{"@id":"https:\/\/apivisiotech.zkwebdev.com\/de\/#organization"},"potentialAction":[{"@type":"SearchAction","target":{"@type":"EntryPoint","urlTemplate":"https:\/\/apivisiotech.zkwebdev.com\/de\/?s={search_term_string}"},"query-input":{"@type":"PropertyValueSpecification","valueRequired":true,"valueName":"search_term_string"}}],"inLanguage":"de"},{"@type":"Organization","@id":"https:\/\/apivisiotech.zkwebdev.com\/de\/#organization","name":"GoTime Cloud","url":"https:\/\/apivisiotech.zkwebdev.com\/de\/","logo":{"@type":"ImageObject","inLanguage":"de","@id":"https:\/\/apivisiotech.zkwebdev.com\/de\/#\/schema\/logo\/image\/","url":"https:\/\/gotimecloud.com\/wp-content\/uploads\/2019\/07\/zktime-logo-footer.svg","contentUrl":"https:\/\/gotimecloud.com\/wp-content\/uploads\/2019\/07\/zktime-logo-footer.svg","width":210,"height":46,"caption":"GoTime Cloud"},"image":{"@id":"https:\/\/apivisiotech.zkwebdev.com\/de\/#\/schema\/logo\/image\/"}}]}},"_links":{"self":[{"href":"https:\/\/apivisiotech.zkwebdev.com\/de\/wp-json\/wp\/v2\/pages\/12739","targetHints":{"allow":["GET"]}}],"collection":[{"href":"https:\/\/apivisiotech.zkwebdev.com\/de\/wp-json\/wp\/v2\/pages"}],"about":[{"href":"https:\/\/apivisiotech.zkwebdev.com\/de\/wp-json\/wp\/v2\/types\/page"}],"author":[{"embeddable":true,"href":"https:\/\/apivisiotech.zkwebdev.com\/de\/wp-json\/wp\/v2\/users\/332"}],"replies":[{"embeddable":true,"href":"https:\/\/apivisiotech.zkwebdev.com\/de\/wp-json\/wp\/v2\/comments?post=12739"}],"version-history":[{"count":17,"href":"https:\/\/apivisiotech.zkwebdev.com\/de\/wp-json\/wp\/v2\/pages\/12739\/revisions"}],"predecessor-version":[{"id":16063,"href":"https:\/\/apivisiotech.zkwebdev.com\/de\/wp-json\/wp\/v2\/pages\/12739\/revisions\/16063"}],"wp:attachment":[{"href":"https:\/\/apivisiotech.zkwebdev.com\/de\/wp-json\/wp\/v2\/media?parent=12739"}],"curies":[{"name":"wp","href":"https:\/\/api.w.org\/{rel}","templated":true}]}}